{"id":3,"date":"2025-07-20T19:36:39","date_gmt":"2025-07-20T22:36:39","guid":{"rendered":"http:\/\/serfodrywall.com.br\/?page_id=3"},"modified":"2025-07-21T17:46:17","modified_gmt":"2025-07-21T20:46:17","slug":"politica-de-privacidade","status":"publish","type":"page","link":"https:\/\/serfodrywall.com.br\/index.php\/politica-de-privacidade\/","title":{"rendered":"Pol\u00edtica de privacidade"},"content":{"rendered":"\n<h2 class=\"wp-block-heading\">Quem somos<\/h2>\n\n\n\n<p><strong class=\"privacy-policy-tutorial\">Texto sugerido: <\/strong>O endere\u00e7o do nosso site \u00e9: http:\/\/serfodrywall.com.br <\/p>\n\n\n\n<p>\ud83d\udd12 Pol\u00edtica de Privacidade \u2014 Serfo Drywall<\/p>\n\n\n\n<p>Na <strong>Serfo Drywall<\/strong>, respeitamos sua privacidade e estamos comprometidos em proteger os dados pessoais que voc\u00ea nos fornece ao visitar nosso site ou entrar em contato conosco.<\/p>\n\n\n\n<h3 class=\"wp-block-heading\">1. <strong>Coleta de Informa\u00e7\u00f5es<\/strong><\/h3>\n\n\n\n<p>Podemos coletar informa\u00e7\u00f5es como:<\/p>\n\n\n\n<ul class=\"wp-block-list\">\n<li>Nome<\/li>\n\n\n\n<li>E-mail<\/li>\n\n\n\n<li>N\u00famero de telefone<\/li>\n\n\n\n<li>Informa\u00e7\u00f5es fornecidas voluntariamente via formul\u00e1rio de contato ou WhatsApp<\/li>\n<\/ul>\n\n\n\n<p>Esses dados s\u00e3o utilizados <strong>exclusivamente<\/strong> para atendimento, or\u00e7amentos, comunica\u00e7\u00e3o com o cliente e melhoria dos nossos servi\u00e7os.<\/p>\n\n\n\n<h3 class=\"wp-block-heading\">2. <strong>Uso das Informa\u00e7\u00f5es<\/strong><\/h3>\n\n\n\n<p>As informa\u00e7\u00f5es coletadas s\u00e3o utilizadas para:<\/p>\n\n\n\n<ul class=\"wp-block-list\">\n<li>Entrar em contato com voc\u00ea<\/li>\n\n\n\n<li>Fornecer suporte ou or\u00e7amento<\/li>\n\n\n\n<li>Enviar informa\u00e7\u00f5es solicitadas sobre nossos servi\u00e7os<\/li>\n\n\n\n<li>Melhorar sua experi\u00eancia no nosso site<\/li>\n<\/ul>\n\n\n\n<p><strong>Nunca vendemos, alugamos ou compartilhamos seus dados com terceiros.<\/strong><\/p>\n\n\n\n<h3 class=\"wp-block-heading\">3. <strong>Prote\u00e7\u00e3o de Dados<\/strong><\/h3>\n\n\n\n<p>Adotamos medidas t\u00e9cnicas e organizacionais para manter seus dados protegidos contra acesso n\u00e3o autorizado, uso indevido ou divulga\u00e7\u00e3o indevida.<\/p>\n\n\n\n<h3 class=\"wp-block-heading\">4. <strong>Cookies<\/strong><\/h3>\n\n\n\n<p>Nosso site pode usar cookies para melhorar a navega\u00e7\u00e3o, mas voc\u00ea pode desativ\u00e1-los nas configura\u00e7\u00f5es do seu navegador.<\/p>\n\n\n\n<h3 class=\"wp-block-heading\">5. <strong>Seus Direitos<\/strong><\/h3>\n\n\n\n<p>Voc\u00ea pode solicitar, a qualquer momento:<\/p>\n\n\n\n<p>Informa\u00e7\u00f5es sobre como seus dados est\u00e3o sendo usados<\/p>\n\n\n\n<p>A corre\u00e7\u00e3o ou exclus\u00e3o de seus dados pessoais<\/p>\n\n\n\n<p><\/p>\n","protected":false},"excerpt":{"rendered":"<p>Quem somos Texto sugerido: O endere\u00e7o do nosso site \u00e9: http:\/\/serfodrywall.com.br \ud83d\udd12 Pol\u00edtica de Privacidade \u2014 Serfo Drywall Na Serfo [&hellip;]<\/p>\n","protected":false},"author":1,"featured_media":0,"parent":0,"menu_order":0,"comment_status":"closed","ping_status":"open","template":"","meta":{"site-sidebar-layout":"default","site-content-layout":"","ast-site-content-layout":"default","site-content-style":"default","site-sidebar-style":"default","ast-global-header-display":"","ast-banner-title-visibility":"","ast-main-header-display":"","ast-hfb-above-header-display":"","ast-hfb-below-header-display":"","ast-hfb-mobile-header-display":"","site-post-title":"","ast-breadcrumbs-content":"","ast-featured-img":"","footer-sml-layout":"","theme-transparent-header-meta":"","adv-header-id-meta":"","stick-header-meta":"","header-above-stick-meta":"","header-main-stick-meta":"","header-below-stick-meta":"","astra-migrate-meta-layouts":"default","ast-page-background-enabled":"default","ast-page-background-meta":{"desktop":{"background-color":"var(--ast-global-color-5)","background-image":"","background-repeat":"repeat","background-position":"center center","background-size":"auto","background-attachment":"scroll","background-type":"","background-media":"","overlay-type":"","overlay-color":"","overlay-opacity":"","overlay-gradient":""},"tablet":{"background-color":"","background-image":"","background-repeat":"repeat","background-position":"center center","background-size":"auto","background-attachment":"scroll","background-type":"","background-media":"","overlay-type":"","overlay-color":"","overlay-opacity":"","overlay-gradient":""},"mobile":{"background-color":"","background-image":"","background-repeat":"repeat","background-position":"center center","background-size":"auto","background-attachment":"scroll","background-type":"","background-media":"","overlay-type":"","overlay-color":"","overlay-opacity":"","overlay-gradient":""}},"ast-content-background-meta":{"desktop":{"background-color":"var(--ast-global-color-4)","background-image":"","background-repeat":"repeat","background-position":"center center","background-size":"auto","background-attachment":"scroll","background-type":"","background-media":"","overlay-type":"","overlay-color":"","overlay-opacity":"","overlay-gradient":""},"tablet":{"background-color":"var(--ast-global-color-4)","background-image":"","background-repeat":"repeat","background-position":"center center","background-size":"auto","background-attachment":"scroll","background-type":"","background-media":"","overlay-type":"","overlay-color":"","overlay-opacity":"","overlay-gradient":""},"mobile":{"background-color":"var(--ast-global-color-4)","background-image":"","background-repeat":"repeat","background-position":"center center","background-size":"auto","background-attachment":"scroll","background-type":"","background-media":"","overlay-type":"","overlay-color":"","overlay-opacity":"","overlay-gradient":""}},"footnotes":""},"class_list":["post-3","page","type-page","status-publish","hentry"],"_links":{"self":[{"href":"https:\/\/serfodrywall.com.br\/index.php\/wp-json\/wp\/v2\/pages\/3","targetHints":{"allow":["GET"]}}],"collection":[{"href":"https:\/\/serfodrywall.com.br\/index.php\/wp-json\/wp\/v2\/pages"}],"about":[{"href":"https:\/\/serfodrywall.com.br\/index.php\/wp-json\/wp\/v2\/types\/page"}],"author":[{"embeddable":true,"href":"https:\/\/serfodrywall.com.br\/index.php\/wp-json\/wp\/v2\/users\/1"}],"replies":[{"embeddable":true,"href":"https:\/\/serfodrywall.com.br\/index.php\/wp-json\/wp\/v2\/comments?post=3"}],"version-history":[{"count":1,"href":"https:\/\/serfodrywall.com.br\/index.php\/wp-json\/wp\/v2\/pages\/3\/revisions"}],"predecessor-version":[{"id":39,"href":"https:\/\/serfodrywall.com.br\/index.php\/wp-json\/wp\/v2\/pages\/3\/revisions\/39"}],"wp:attachment":[{"href":"https:\/\/serfodrywall.com.br\/index.php\/wp-json\/wp\/v2\/media?parent=3"}],"curies":[{"name":"wp","href":"https:\/\/api.w.org\/{rel}","templated":true}]}}